{"id":74,"date":"2026-01-24T21:00:12","date_gmt":"2026-01-24T21:00:12","guid":{"rendered":"https:\/\/contraluzdigital.cl\/?page_id=74"},"modified":"2026-02-18T22:01:46","modified_gmt":"2026-02-18T22:01:46","slug":"quienes-somos","status":"publish","type":"page","link":"https:\/\/contraluzdigital.cl\/index.php\/quienes-somos\/","title":{"rendered":"Qui\u00e9nes somos"},"content":{"rendered":"\t\t<div data-elementor-type=\"wp-page\" data-elementor-id=\"74\" class=\"elementor elementor-74\" data-elementor-post-type=\"page\">\n\t\t\t\t\t\t<section class=\"elementor-section elementor-top-section elementor-element elementor-element-62d0e24 elementor-section-boxed elementor-section-height-default elementor-section-height-default\" data-id=\"62d0e24\" data-element_type=\"section\">\n\t\t\t\t\t\t<div class=\"elementor-container elementor-column-gap-default\">\n\t\t\t\t\t<div class=\"elementor-column elementor-col-100 elementor-top-column elementor-element elementor-element-e842ecf\" data-id=\"e842ecf\" data-element_type=\"column\">\n\t\t\t<div class=\"elementor-widget-wrap elementor-element-populated\">\n\t\t\t\t\t\t<div class=\"elementor-element elementor-element-619137c elementor-widget elementor-widget-spacer\" data-id=\"619137c\" data-element_type=\"widget\" data-widget_type=\"spacer.default\">\n\t\t\t\t\t\t\t<div class=\"elementor-spacer\">\n\t\t\t<div class=\"elementor-spacer-inner\"><\/div>\n\t\t<\/div>\n\t\t\t\t\t\t<\/div>\n\t\t\t\t\t<\/div>\n\t\t<\/div>\n\t\t\t\t\t<\/div>\n\t\t<\/section>\n\t\t\t\t<section class=\"elementor-section elementor-top-section elementor-element elementor-element-139f51e elementor-section-boxed elementor-section-height-default elementor-section-height-default\" data-id=\"139f51e\" data-element_type=\"section\">\n\t\t\t\t\t\t<div class=\"elementor-container elementor-column-gap-default\">\n\t\t\t\t\t<div class=\"elementor-column elementor-col-50 elementor-top-column elementor-element elementor-element-a43bf8d\" data-id=\"a43bf8d\" data-element_type=\"column\">\n\t\t\t<div class=\"elementor-widget-wrap elementor-element-populated\">\n\t\t\t\t\t\t<div class=\"elementor-element elementor-element-f514d29 elementor-widget elementor-widget-heading\" data-id=\"f514d29\" data-element_type=\"widget\" data-widget_type=\"heading.default\">\n\t\t\t\t\t<h1 class=\"elementor-heading-title elementor-size-default\">Qui\u00e9nes somos<\/h1>\t\t\t\t<\/div>\n\t\t\t\t<div class=\"elementor-element elementor-element-353afd6 elementor-widget__width-initial elementor-widget elementor-widget-text-editor\" data-id=\"353afd6\" data-element_type=\"widget\" data-widget_type=\"text-editor.default\">\n\t\t\t\t\t\t\t\t\t<p>Somos una productora audiovisual y agencia de marketing digital y comunicaciones con base en Iquique, Regi\u00f3n de Tarapac\u00e1, pero con cobertura en todo Chile. Nos dedicamos a levantar proyectos audiovisuales con \u00e9nfasis en tem\u00e1ticas regionales y con identidad local. Por otro lado, nos enfocamos fuertemente en el desarrollo de imagen digital para empresas y marcas, que quieran insertarse en el mundo online con contenidos para redes sociales, anuncios y estrategias de posicionamiento en motores de b\u00fasqueda. Trabajamos estrategias en conjunto con tu empresa para enfocarnos en tus principales proyecciones de p\u00fablico, usuarios y clientes.\u00a0<\/p>\t\t\t\t\t\t\t\t<\/div>\n\t\t\t\t\t<\/div>\n\t\t<\/div>\n\t\t\t\t<div class=\"elementor-column elementor-col-50 elementor-top-column elementor-element elementor-element-a5db1a2\" data-id=\"a5db1a2\" data-element_type=\"column\">\n\t\t\t<div class=\"elementor-widget-wrap\">\n\t\t\t\t\t\t\t<\/div>\n\t\t<\/div>\n\t\t\t\t\t<\/div>\n\t\t<\/section>\n\t\t\t\t<\/div>\n\t\t","protected":false},"excerpt":{"rendered":"<p>Qui\u00e9nes somos Somos una productora audiovisual y agencia de marketing digital y comunicaciones con base en Iquique, Regi\u00f3n de Tarapac\u00e1, pero con cobertura en todo Chile. Nos dedicamos a levantar proyectos audiovisuales con \u00e9nfasis en tem\u00e1ticas regionales y con identidad local. Por otro lado, nos enfocamos fuertemente en el desarrollo de imagen digital para empresas [&hellip;]<\/p>\n","protected":false},"author":1,"featured_media":0,"parent":0,"menu_order":0,"comment_status":"closed","ping_status":"closed","template":"","meta":{"footnotes":""},"class_list":["post-74","page","type-page","status-publish","hentry"],"_links":{"self":[{"href":"https:\/\/contraluzdigital.cl\/index.php\/wp-json\/wp\/v2\/pages\/74","targetHints":{"allow":["GET"]}}],"collection":[{"href":"https:\/\/contraluzdigital.cl\/index.php\/wp-json\/wp\/v2\/pages"}],"about":[{"href":"https:\/\/contraluzdigital.cl\/index.php\/wp-json\/wp\/v2\/types\/page"}],"author":[{"embeddable":true,"href":"https:\/\/contraluzdigital.cl\/index.php\/wp-json\/wp\/v2\/users\/1"}],"replies":[{"embeddable":true,"href":"https:\/\/contraluzdigital.cl\/index.php\/wp-json\/wp\/v2\/comments?post=74"}],"version-history":[{"count":13,"href":"https:\/\/contraluzdigital.cl\/index.php\/wp-json\/wp\/v2\/pages\/74\/revisions"}],"predecessor-version":[{"id":399,"href":"https:\/\/contraluzdigital.cl\/index.php\/wp-json\/wp\/v2\/pages\/74\/revisions\/399"}],"wp:attachment":[{"href":"https:\/\/contraluzdigital.cl\/index.php\/wp-json\/wp\/v2\/media?parent=74"}],"curies":[{"name":"wp","href":"https:\/\/api.w.org\/{rel}","templated":true}]}}